{"id":305,"date":"2024-04-05T03:40:33","date_gmt":"2024-04-05T03:40:33","guid":{"rendered":"http:\/\/crecerinc.com\/?page_id=305"},"modified":"2024-07-03T20:28:43","modified_gmt":"2024-07-03T20:28:43","slug":"professional-services","status":"publish","type":"page","link":"https:\/\/crecerinc.com\/es\/professional-services\/","title":{"rendered":"Servicios profesionales"},"content":{"rendered":"<div data-elementor-type=\"wp-page\" data-elementor-id=\"305\" class=\"elementor elementor-305\" data-elementor-post-type=\"page\">\n\t\t\t\t<div class=\"elementor-element elementor-element-1b63f71 e-flex e-con-boxed e-con e-parent\" data-id=\"1b63f71\" data-element_type=\"container\" data-e-type=\"container\" data-settings=\"{&quot;background_background&quot;:&quot;classic&quot;}\">\n\t\t\t\t\t<div class=\"e-con-inner\">\n\t\t\t\t<div class=\"elementor-element elementor-element-25fee51 elementor-widget elementor-widget-heading\" data-id=\"25fee51\" data-element_type=\"widget\" data-e-type=\"widget\" data-widget_type=\"heading.default\">\n\t\t\t\t<div class=\"elementor-widget-container\">\n\t\t\t\t\t<h2 class=\"elementor-heading-title elementor-size-default\"><a href=\"https:\/\/crecerinc.com\/es\/professional-services\/\">EVALUACIONES PARA INMIGRACI\u00d3N<\/a><\/h2>\t\t\t\t<\/div>\n\t\t\t\t<\/div>\n\t\t\t\t<div class=\"elementor-element elementor-element-256c087 elementor-widget elementor-widget-heading\" data-id=\"256c087\" data-element_type=\"widget\" data-e-type=\"widget\" data-widget_type=\"heading.default\">\n\t\t\t\t<div class=\"elementor-widget-container\">\n\t\t\t\t\t<h2 class=\"elementor-heading-title elementor-size-default\">Como inmigrante argentina residiendo de forma permanente en los Estados Unidos (EE. UU.) desde 1990, y en su car\u00e1cter de fundadora, presidente y directora del centro Crecer, Inc., Priska ha acumulado tres d\u00e9cadas de experiencia brind\u00e1ndole servicios a inmigrantes, refugiados, asilados, v\u00edctimas de violencia dom\u00e9stica y otros cr\u00edmenes, abusos y persecuciones. As\u00ed tambi\u00e9n, sirve como testigo experto para las Cortes Federales de Inmigraci\u00f3n de los EE. UU. abogando por aqu\u00e9llos que tienen que transitar los complejos procesos inmigratorios. Su trabajo se centra en proveer evaluaciones individuales y familiares a ciudadanos estadounidenses y Residentes Legales Permanentes solicitando visas para sus familiares, quienes sufrir\u00edan da\u00f1o psico-emocional severo causado por deportaci\u00f3n, remoci\u00f3n o separaci\u00f3n de sus seres queridos; personas que est\u00e1n en procesos de legalizaci\u00f3n en los EE. UU. solicitando auto-peticiones, VAWAs, Asilos, Visas U y\/o perdones varios (601); (601) a; y (212).<\/h2>\t\t\t\t<\/div>\n\t\t\t\t<\/div>\n\t\t\t\t<div class=\"elementor-element elementor-element-4f19c66 elementor-widget elementor-widget-heading\" data-id=\"4f19c66\" data-element_type=\"widget\" data-e-type=\"widget\" data-widget_type=\"heading.default\">\n\t\t\t\t<div class=\"elementor-widget-container\">\n\t\t\t\t\t<h2 class=\"elementor-heading-title elementor-size-default\"><a href=\"https:\/\/crecerinc.com\/es\/professional-services\/\">PSICOTERAPIA FAMILIAR Y DE PAREJA<\/a><\/h2>\t\t\t\t<\/div>\n\t\t\t\t<\/div>\n\t\t\t\t<div class=\"elementor-element elementor-element-e79cb2f elementor-widget elementor-widget-heading\" data-id=\"e79cb2f\" data-element_type=\"widget\" data-e-type=\"widget\" data-widget_type=\"heading.default\">\n\t\t\t\t<div class=\"elementor-widget-container\">\n\t\t\t\t\t<h2 class=\"elementor-heading-title elementor-size-default\">No ha de existir membres\u00eda a ning\u00fan otro grupo que atraiga m\u00e1s dicha y\/o dolor a nuestras vidas que el n\u00facleo familiar al que pertenecemos. Es propio de las familias que atraviesen por per\u00edodos de transici\u00f3n, dificultades financieras, enfermedades, separaciones, p\u00e9rdidas, estr\u00e9s laboral y\/o experiencias traum\u00e1ticas, todos factores, que causan deterioros comunicativos y conexiones fallidas entre miembros del grupo. Frecuentemente, estos eventos desencadenan desconexiones, conflictos, sentimientos y comportamientos da\u00f1inos hacia nosotros mismos y hacia los que nos rodean, como as\u00ed tambi\u00e9n, desarrollo de din\u00e1micas familiares inestables y\/o t\u00f3xicas. <\/br>\n<\/br>\nLa Psicoterapia Familiar y de Pareja nos ofrece un espacio de apoyo y sanaci\u00f3n; ayudando a sus miembros a fortalecer lazos, crear alianzas beneficiosas y sobrellevar tiempos dif\u00edciles. La Terapia Familiar y de Pareja tambi\u00e9n puede servir de foro para mantener di\u00e1logos importantes y\/o dif\u00edciles, desarrollar o mejorar l\u00edneas de comunicaci\u00f3n abiertas y, junto con sus miembros, crear nuevas destrezas de apoyo mutuo. La Terapia Familiar y de Pareja nos puede ofrecer una oportunidad \u00fanica e invaluable para que podamos explorar relaciones y din\u00e1micas inefectivas, identificar sus or\u00edgenes, entender y empatizar con el dolor y el sufrimiento del otro, aprender a reconocer est\u00edmulos, entender roles y funciones, como as\u00ed tambi\u00e9n descubrir alternativas m\u00e1s saludables e imaginativas con el fin de beneficiar al sistema familiar como tal.<\/h2>\t\t\t\t<\/div>\n\t\t\t\t<\/div>\n\t\t\t\t<div class=\"elementor-element elementor-element-6ccea50 elementor-widget elementor-widget-heading\" data-id=\"6ccea50\" data-element_type=\"widget\" data-e-type=\"widget\" data-widget_type=\"heading.default\">\n\t\t\t\t<div class=\"elementor-widget-container\">\n\t\t\t\t\t<h2 class=\"elementor-heading-title elementor-size-default\"><a href=\"https:\/\/crecerinc.com\/es\/professional-services\/\">PSICOTERAPIA INDIVIDUAL PARA ADULTOS<\/a><\/h2>\t\t\t\t<\/div>\n\t\t\t\t<\/div>\n\t\t\t\t<div class=\"elementor-element elementor-element-58c165a elementor-widget elementor-widget-heading\" data-id=\"58c165a\" data-element_type=\"widget\" data-e-type=\"widget\" data-widget_type=\"heading.default\">\n\t\t\t\t<div class=\"elementor-widget-container\">\n\t\t\t\t\t<h2 class=\"elementor-heading-title elementor-size-default\">Often times we found ourselves in need of external assistance to explore and identify areas within ourselves that can be both a source of stress and strength and can benefit from some close attention. As social beings, we frequently encounter external circumstances, people, relationships and experiences that can trigger new stresses, resurface old, conflictive feelings and attitudes, as well as create confusion and despair. Addressing them with historically ineffective or obsolete responses might no longer be the answer. Difficult-to-handle situations require a positive self-perception, knowledge of our inner resilience, easily accessible tools and ready-to-use newly developed strategies- kind of approach to help us in our journey. Finding a trained, seasoned Mental Health professional with whom to establish a therapeutic relationship, can be the first step towards change and healing; the key we need to enter a new realm of positive change and personal growth, the self-acceptance to heal our pain and the readiness and confidence to guide ourselves and learn how to pave a new path in life.\n<\/h2>\t\t\t\t<\/div>\n\t\t\t\t<\/div>\n\t\t\t\t<div class=\"elementor-element elementor-element-40015fc elementor-widget elementor-widget-heading\" data-id=\"40015fc\" data-element_type=\"widget\" data-e-type=\"widget\" data-widget_type=\"heading.default\">\n\t\t\t\t<div class=\"elementor-widget-container\">\n\t\t\t\t\t<h2 class=\"elementor-heading-title elementor-size-default\"><a href=\"https:\/\/crecerinc.com\/es\/professional-services\/\">PSICOTERAPIA INDIVIDUAL: NI\u00d1OS Y ADOLESCENTES<\/a><\/h2>\t\t\t\t<\/div>\n\t\t\t\t<\/div>\n\t\t\t\t<div class=\"elementor-element elementor-element-a7ff18b elementor-widget elementor-widget-heading\" data-id=\"a7ff18b\" data-element_type=\"widget\" data-e-type=\"widget\" data-widget_type=\"heading.default\">\n\t\t\t\t<div class=\"elementor-widget-container\">\n\t\t\t\t\t<h2 class=\"elementor-heading-title elementor-size-default\">Los ni\u00f1os y adolescentes, suelen presentar dificultades a largo plazo en sus vidas por diferentes motivos: neurol\u00f3gicos, problemas sociales, emocionales, respuestas y comportamientos mal-adaptativos, entre otros, que, afectan su aprendizaje, desarrollo educacional, emocional y familiar. Una intervenci\u00f3n psicoterap\u00e9utica especializada, a tiempo, y enfocada en el ni\u00f1o puede proveer experiencias positivas, diferentes y apropiadas que modifiquen y mejoren comportamientos infantiles\/adolescentes disfuncionales y prevengan problemas de salud mental o emocionales futuros y apoye la transici\u00f3n de joven a adulto. Est\u00e1 comprobado que un abordaje psicoterap\u00e9utico que incluya terapia individual, familiar y psicosocial con ni\u00f1os y adolescentes contribuye a una mejor salud mental y a un fruct\u00edfero periodo evolutivo del ni\u00f1o y su familia, como as\u00ed tambi\u00e9n previene futuros problemas de adaptaci\u00f3n. Las terapias de Juego, Cognitivo-Conductual y centradas en el ni\u00f1o-adolescente ayudan a reducir o eliminar pensamientos y comportamientos problem\u00e1ticos, en la mayor\u00eda de los casos. La Terapia Familiar y Educaci\u00f3n para Padres contribuye a desarrollar estrategias y destrezas efectivas para mejorar el modo de relacionarse entre padres e hijos.\n<\/h2>\t\t\t\t<\/div>\n\t\t\t\t<\/div>\n\t\t\t\t<div class=\"elementor-element elementor-element-d878c5d elementor-widget elementor-widget-heading\" data-id=\"d878c5d\" data-element_type=\"widget\" data-e-type=\"widget\" data-widget_type=\"heading.default\">\n\t\t\t\t<div class=\"elementor-widget-container\">\n\t\t\t\t\t<h2 class=\"elementor-heading-title elementor-size-default\"><a href=\"https:\/\/crecerinc.com\/es\/professional-services\/\">SUPERVISI\u00d3N CL\u00cdNICA<\/a><\/h2>\t\t\t\t<\/div>\n\t\t\t\t<\/div>\n\t\t\t\t<div class=\"elementor-element elementor-element-42e9433 elementor-widget elementor-widget-heading\" data-id=\"42e9433\" data-element_type=\"widget\" data-e-type=\"widget\" data-widget_type=\"heading.default\">\n\t\t\t\t<div class=\"elementor-widget-container\">\n\t\t\t\t\t<h2 class=\"elementor-heading-title elementor-size-default\">Al campo de la psicoterapia se lo considera una ciencia ya que posee los requisitos necesarios para serlo, abarcando un cuerpo sistematizado y organizado de conocimientos intelectuales y aplicaciones pr\u00e1cticas. Adem\u00e1s, puede ser descripto como un arte o una artesan\u00eda que conlleva no solamente cursos acad\u00e9micos, t\u00edtulos universitarios y licencias, sino tambi\u00e9n el desarrollo de un profesional cl\u00ednico asertivo, carism\u00e1tico, intuitivo, din\u00e1mico, motivado y con capacidad de implementar intervenciones innovadoras y alternativas a una vasta variedad de clientes y sus correspondientes presentaciones cl\u00ednicas. De igual modo, terapeutas altamente entrenados y con experiencia pueden beneficiarse de una eficaz supervisi\u00f3n cl\u00ednica que les ayude a entender casos complicados y desarrollar intervenciones efectivas, como as\u00ed tambi\u00e9n explorar el \u201cself\u201d del terapeuta, vale decir, su propia persona, que invariablemente est\u00e1 presente en toda relaci\u00f3n terap\u00e9utica. Crecer, Inc. ofrece supervisi\u00f3n cl\u00ednica a profesionales de salud mental en pr\u00e1ctica privada y horas de supervisi\u00f3n cl\u00ednica requeridas para solicitar licencias LCSW, LCSW-R y LMHC.\n<\/h2>\t\t\t\t<\/div>\n\t\t\t\t<\/div>\n\t\t\t\t<div class=\"elementor-element elementor-element-31b7cf1 elementor-widget elementor-widget-heading\" data-id=\"31b7cf1\" data-element_type=\"widget\" data-e-type=\"widget\" data-widget_type=\"heading.default\">\n\t\t\t\t<div class=\"elementor-widget-container\">\n\t\t\t\t\t<h2 class=\"elementor-heading-title elementor-size-default\"><a href=\"https:\/\/crecerinc.com\/es\/professional-services\/\">TALLERES COMUNITARIOS Y CAPACITACI\u00d3N PROFESIONAL<\/a><\/h2>\t\t\t\t<\/div>\n\t\t\t\t<\/div>\n\t\t\t\t<div class=\"elementor-element elementor-element-5e89bf2 elementor-widget elementor-widget-heading\" data-id=\"5e89bf2\" data-element_type=\"widget\" data-e-type=\"widget\" data-widget_type=\"heading.default\">\n\t\t\t\t<div class=\"elementor-widget-container\">\n\t\t\t\t\t<h2 class=\"elementor-heading-title elementor-size-default\">La Psico-educaci\u00f3n es una contribuci\u00f3n esencial a la sociedad, ya que una poblaci\u00f3n bien informada y m\u00e1s consciente de asuntos de salud mental, educaci\u00f3n parental, desarrollo psico-emocional y social del ni\u00f1o y el adolescente, relaciones sociales y crecimiento personal, son mejores miembros de una sociedad sana que promueva vidas, familias y comunidades mejor adaptadas. Crecer, Inc. ofrece talleres comunitarios y seminarios profesionales en t\u00f3picos de Desarrollo Personal, Bienestar, Educaci\u00f3n Parental, Salud Mental en ni\u00f1os y adolescentes, Aculturaci\u00f3n, Reunificaci\u00f3n Familiar como as\u00ed tambi\u00e9n temas asociados al trauma inmigratorio y su tratamiento cl\u00ednico.<\/h2>\t\t\t\t<\/div>\n\t\t\t\t<\/div>\n\t\t\t\t\t<\/div>\n\t\t\t\t<\/div>\n\t\t\t\t<\/div>","protected":false},"excerpt":{"rendered":"<p>IMMIGRATION EVALUATIONS As an immigrant from Argentina living in the U.S. since 1990, and in her position as the foundress and president\/director of Crecer, Inc., a psychotherapy center providing bilingual and bicultural psychotherapy services to individuals and families in Queens, NY, Priska has accumulated three decades of experience working with immigrants, refugees, asylum-seekers, victims of&hellip;<\/p>","protected":false},"author":2,"featured_media":0,"parent":0,"menu_order":0,"comment_status":"closed","ping_status":"closed","template":"","meta":{"footnotes":""},"class_list":["post-305","page","type-page","status-publish","hentry"],"amp_enabled":true,"_links":{"self":[{"href":"https:\/\/crecerinc.com\/es\/wp-json\/wp\/v2\/pages\/305","targetHints":{"allow":["GET"]}}],"collection":[{"href":"https:\/\/crecerinc.com\/es\/wp-json\/wp\/v2\/pages"}],"about":[{"href":"https:\/\/crecerinc.com\/es\/wp-json\/wp\/v2\/types\/page"}],"author":[{"embeddable":true,"href":"https:\/\/crecerinc.com\/es\/wp-json\/wp\/v2\/users\/2"}],"replies":[{"embeddable":true,"href":"https:\/\/crecerinc.com\/es\/wp-json\/wp\/v2\/comments?post=305"}],"version-history":[{"count":13,"href":"https:\/\/crecerinc.com\/es\/wp-json\/wp\/v2\/pages\/305\/revisions"}],"predecessor-version":[{"id":579,"href":"https:\/\/crecerinc.com\/es\/wp-json\/wp\/v2\/pages\/305\/revisions\/579"}],"wp:attachment":[{"href":"https:\/\/crecerinc.com\/es\/wp-json\/wp\/v2\/media?parent=305"}],"curies":[{"name":"wp","href":"https:\/\/api.w.org\/{rel}","templated":true}]}}